{"id":2,"date":"2024-01-06T15:11:05","date_gmt":"2024-01-06T15:11:05","guid":{"rendered":"https:\/\/veronikasenkova.cz\/?page_id=2"},"modified":"2025-02-07T08:33:20","modified_gmt":"2025-02-07T08:33:20","slug":"sample-page","status":"publish","type":"page","link":"https:\/\/www.veronikasenkova.cz\/?page_id=2","title":{"rendered":"Kontakt"},"content":{"rendered":"<p>&nbsp;<\/p>\n<p style=\"text-align: center;\">Domluva telefonicky na \u010d\u00edsle 605 444 848.<\/p>\n<p style=\"text-align: center;\">Adresa provozovny: L\u00edpov\u00e1 42, Ostopovice<\/p>\n<p style=\"text-align: center;\">I\u010cO: 68694296<\/p>\n<p style=\"text-align: center;\">\n","protected":false},"excerpt":{"rendered":"<p>&nbsp; Domluva telefonicky na \u010d\u00edsle 605 444 848. Adresa provozovny: L\u00edpov\u00e1 42, Ostopovice I\u010cO: 68694296<\/p>\n","protected":false},"author":1,"featured_media":0,"parent":0,"menu_order":0,"comment_status":"closed","ping_status":"closed","template":"","meta":{"footnotes":""},"class_list":["post-2","page","type-page","status-publish","hentry"],"_links":{"self":[{"href":"https:\/\/www.veronikasenkova.cz\/index.php?rest_route=\/wp\/v2\/pages\/2","targetHints":{"allow":["GET"]}}],"collection":[{"href":"https:\/\/www.veronikasenkova.cz\/index.php?rest_route=\/wp\/v2\/pages"}],"about":[{"href":"https:\/\/www.veronikasenkova.cz\/index.php?rest_route=\/wp\/v2\/types\/page"}],"author":[{"embeddable":true,"href":"https:\/\/www.veronikasenkova.cz\/index.php?rest_route=\/wp\/v2\/users\/1"}],"replies":[{"embeddable":true,"href":"https:\/\/www.veronikasenkova.cz\/index.php?rest_route=%2Fwp%2Fv2%2Fcomments&post=2"}],"version-history":[{"count":5,"href":"https:\/\/www.veronikasenkova.cz\/index.php?rest_route=\/wp\/v2\/pages\/2\/revisions"}],"predecessor-version":[{"id":38,"href":"https:\/\/www.veronikasenkova.cz\/index.php?rest_route=\/wp\/v2\/pages\/2\/revisions\/38"}],"wp:attachment":[{"href":"https:\/\/www.veronikasenkova.cz\/index.php?rest_route=%2Fwp%2Fv2%2Fmedia&parent=2"}],"curies":[{"name":"wp","href":"https:\/\/api.w.org\/{rel}","templated":true}]}}